{"id":1980,"date":"2023-02-28T18:30:57","date_gmt":"2023-02-28T17:30:57","guid":{"rendered":"https:\/\/feminineway.de\/?page_id=1980"},"modified":"2023-12-13T17:29:14","modified_gmt":"2023-12-13T16:29:14","slug":"zyklusweisheiten-anmeldung","status":"publish","type":"page","link":"https:\/\/feminineway.de\/en\/zyklusweisheiten-anmeldung\/","title":{"rendered":"Zyklusweisheiten Anmeldung"},"content":{"rendered":"<div data-elementor-type=\"wp-page\" data-elementor-id=\"1980\" class=\"elementor elementor-1980\" data-elementor-post-type=\"page\">\n\t\t\t\t<div class=\"elementor-element elementor-element-765618c e-flex e-con-boxed e-con e-parent\" data-id=\"765618c\" data-element_type=\"container\" data-settings=\"{&quot;background_background&quot;:&quot;classic&quot;}\">\n\t\t\t\t\t<div class=\"e-con-inner\">\n\t\t<div class=\"elementor-element elementor-element-376c2a5 e-con-full e-flex e-con e-child\" data-id=\"376c2a5\" data-element_type=\"container\">\n\t\t\t\t<div class=\"elementor-element elementor-element-da8b4fd elementor-widget__width-inherit elementor-widget-tablet__width-inherit elementor-widget-mobile__width-inherit elementor-widget elementor-widget-heading\" data-id=\"da8b4fd\" data-element_type=\"widget\" data-widget_type=\"heading.default\">\n\t\t\t\t\t<h2 class=\"elementor-heading-title elementor-size-medium\">GESCHENK F\u00dcR DICH!  Hole dir jetzt den Zugang zum GRATIS ZYKLUSWEISHEIT-Webinar ab! <\/h2>\t\t\t\t<\/div>\n\t\t\t\t<div class=\"elementor-element elementor-element-7c88640 elementor-widget__width-inherit elementor-button-align-stretch elementor-widget elementor-widget-form\" data-id=\"7c88640\" data-element_type=\"widget\" data-settings=\"{&quot;step_next_label&quot;:&quot;N\\u00e4chster&quot;,&quot;step_previous_label&quot;:&quot;Voriger&quot;,&quot;button_width&quot;:&quot;100&quot;,&quot;step_type&quot;:&quot;number_text&quot;,&quot;step_icon_shape&quot;:&quot;circle&quot;}\" data-no-translation=\"\" data-widget_type=\"form.default\">\n\t\t\t\t<div class=\"elementor-widget-container\">\n\t\t\t\t\t<style>.elementor-element-7c88640{display:none !important}<\/style>\t\t\t\t<\/div>\n\t\t\t\t<\/div>\n\t\t\t\t<div class=\"elementor-element elementor-element-20198ae elementor-widget elementor-widget-text-editor\" data-id=\"20198ae\" data-element_type=\"widget\" data-widget_type=\"text-editor.default\">\n\t\t\t\t\t\t\t\t\t<p>Trage dich in meinem zyklischen Loveletter ein und erfahre, wie dein weiblicher Zyklus und die ewigen Rhythmen alles Lebens dir eine Kraftquelle sein k\u00f6nnen. Du tr\u00e4gst die Zyklusweisheit schon in dir, ich werde dir einen ganz leichten Weg zeigen, wie du wieder mit den nat\u00fcrlichen Kr\u00e4ften in den Flow kommst!\u00a0<\/p><p>In meinem kostenlosen Online-Webinar geht es raus aus dem Kopf und rein ins Sp\u00fcren und Empfangen!<\/p>\t\t\t\t\t\t\t\t<\/div>\n\t\t\t\t<div class=\"elementor-element elementor-element-ad96add elementor-widget elementor-widget-text-editor\" data-id=\"ad96add\" data-element_type=\"widget\" data-widget_type=\"text-editor.default\">\n\t\t\t\t\t\t\t\t\t<p>* Mit dem Absenden deiner Anmeldung erkl\u00e4rst du dich einverstanden, dass deine Daten an meinen Maildienstleister <a href=\"https:\/\/de.sendinblue.com\/\" target=\"_blank\" rel=\"noopener\">Sendinblue<\/a> zum Zwecke der Weiterverarbeitung \u00fcbergeben und gem\u00e4\u00df deren <a href=\"https:\/\/de.sendinblue.com\/legal\/privacypolicy\/\" target=\"_blank\" rel=\"noopener\">Datenschutzbedingungen<\/a> gespeichert werden. Deine Daten werden NICHT an Dritte weiter gegeben. Du kannst dich jederzeit aus dem Newsletter abmelden. <a href=\"https:\/\/feminineway.de\/en\/datenschutz\/\" target=\"_blank\" rel=\"noopener\">Mehr Informationen zu Sendinblue und wie mit deinen Daten verfahren wird, findest du in meiner Datenschutzerkl\u00e4rung<\/a>.<\/p>\t\t\t\t\t\t\t\t<\/div>\n\t\t\t\t<\/div>\n\t\t<div class=\"elementor-element elementor-element-9b70f81 e-flex e-con-boxed e-con e-child\" data-id=\"9b70f81\" data-element_type=\"container\">\n\t\t\t\t\t<div class=\"e-con-inner\">\n\t\t\t\t<div class=\"elementor-element elementor-element-016506b elementor-hidden-tablet elementor-hidden-mobile elementor-widget elementor-widget-image\" data-id=\"016506b\" data-element_type=\"widget\" data-widget_type=\"image.default\">\n\t\t\t\t\t\t\t\t\t\t\t\t\t\t\t<img fetchpriority=\"high\" decoding=\"async\" width=\"768\" height=\"1036\" src=\"https:\/\/feminineway.de\/wp-content\/uploads\/2023\/01\/17-1.png\" class=\"attachment-medium_large size-medium_large wp-image-371\" alt=\"\" srcset=\"https:\/\/feminineway.de\/wp-content\/uploads\/2023\/01\/17-1.png 1080w, https:\/\/feminineway.de\/wp-content\/uploads\/2023\/01\/17-1-600x809.png 600w\" sizes=\"(max-width: 768px) 100vw, 768px\" \/>\t\t\t\t\t\t\t\t\t\t\t\t\t\t\t<\/div>\n\t\t\t\t\t<\/div>\n\t\t\t\t<\/div>\n\t\t\t\t\t<\/div>\n\t\t\t\t<\/div>\n\t\t\t\t<\/div>","protected":false},"excerpt":{"rendered":"<p>GESCHENK F\u00dcR DICH! Hole dir jetzt den Zugang zum GRATIS ZYKLUSWEISHEIT-Webinar ab! Trage dich in meinem zyklischen Loveletter ein und erfahre, wie dein weiblicher Zyklus und die ewigen Rhythmen alles Lebens dir eine Kraftquelle sein k\u00f6nnen. Du tr\u00e4gst die Zyklusweisheit schon in dir, ich werde dir einen ganz leichten Weg zeigen, wie du wieder mit [&hellip;]<\/p>","protected":false},"author":1,"featured_media":0,"parent":0,"menu_order":0,"comment_status":"closed","ping_status":"closed","template":"elementor_header_footer","meta":{"footnotes":""},"class_list":["post-1980","page","type-page","status-publish","hentry"],"yoast_head":"<!-- This site is optimized with the Yoast SEO plugin v24.5 - https:\/\/yoast.com\/wordpress\/plugins\/seo\/ -->\n<title>Zyklusweisheiten Anmeldung - feminineway<\/title>\n<meta name=\"robots\" content=\"noindex, follow\" \/>\n<meta property=\"og:locale\" content=\"en_GB\" \/>\n<meta property=\"og:type\" content=\"article\" \/>\n<meta property=\"og:title\" content=\"Zyklusweisheiten Anmeldung - feminineway\" \/>\n<meta property=\"og:description\" content=\"GESCHENK F\u00dcR DICH! Hole dir jetzt den Zugang zum GRATIS ZYKLUSWEISHEIT-Webinar ab! Trage dich in meinem zyklischen Loveletter ein und erfahre, wie dein weiblicher Zyklus und die ewigen Rhythmen alles Lebens dir eine Kraftquelle sein k\u00f6nnen. Du tr\u00e4gst die Zyklusweisheit schon in dir, ich werde dir einen ganz leichten Weg zeigen, wie du wieder mit [&hellip;]\" \/>\n<meta property=\"og:url\" content=\"https:\/\/feminineway.de\/en\/zyklusweisheiten-anmeldung\/\" \/>\n<meta property=\"og:site_name\" content=\"feminineway\" \/>\n<meta property=\"article:modified_time\" content=\"2023-12-13T16:29:14+00:00\" \/>\n<meta property=\"og:image\" content=\"https:\/\/feminineway.de\/wp-content\/uploads\/2023\/01\/17-1.png\" \/>\n<meta name=\"twitter:card\" content=\"summary_large_image\" \/>\n<meta name=\"twitter:label1\" content=\"Estimated reading time\" \/>\n\t<meta name=\"twitter:data1\" content=\"1 minute\" \/>\n<script type=\"application\/ld+json\" class=\"yoast-schema-graph\">{\"@context\":\"https:\/\/schema.org\",\"@graph\":[{\"@type\":\"WebPage\",\"@id\":\"https:\/\/feminineway.de\/zyklusweisheiten-anmeldung\/\",\"url\":\"https:\/\/feminineway.de\/zyklusweisheiten-anmeldung\/\",\"name\":\"Zyklusweisheiten Anmeldung - feminineway\",\"isPartOf\":{\"@id\":\"https:\/\/feminineway.de\/#website\"},\"primaryImageOfPage\":{\"@id\":\"https:\/\/feminineway.de\/zyklusweisheiten-anmeldung\/#primaryimage\"},\"image\":{\"@id\":\"https:\/\/feminineway.de\/zyklusweisheiten-anmeldung\/#primaryimage\"},\"thumbnailUrl\":\"https:\/\/feminineway.de\/wp-content\/uploads\/2023\/01\/17-1.png\",\"datePublished\":\"2023-02-28T17:30:57+00:00\",\"dateModified\":\"2023-12-13T16:29:14+00:00\",\"breadcrumb\":{\"@id\":\"https:\/\/feminineway.de\/zyklusweisheiten-anmeldung\/#breadcrumb\"},\"inLanguage\":\"en-GB\",\"potentialAction\":[{\"@type\":\"ReadAction\",\"target\":[\"https:\/\/feminineway.de\/zyklusweisheiten-anmeldung\/\"]}]},{\"@type\":\"ImageObject\",\"inLanguage\":\"en-GB\",\"@id\":\"https:\/\/feminineway.de\/zyklusweisheiten-anmeldung\/#primaryimage\",\"url\":\"https:\/\/feminineway.de\/wp-content\/uploads\/2023\/01\/17-1.png\",\"contentUrl\":\"https:\/\/feminineway.de\/wp-content\/uploads\/2023\/01\/17-1.png\"},{\"@type\":\"BreadcrumbList\",\"@id\":\"https:\/\/feminineway.de\/zyklusweisheiten-anmeldung\/#breadcrumb\",\"itemListElement\":[{\"@type\":\"ListItem\",\"position\":1,\"name\":\"Startseite\",\"item\":\"https:\/\/feminineway.de\/\"},{\"@type\":\"ListItem\",\"position\":2,\"name\":\"Zyklusweisheiten Anmeldung\"}]},{\"@type\":\"WebSite\",\"@id\":\"https:\/\/feminineway.de\/#website\",\"url\":\"https:\/\/feminineway.de\/\",\"name\":\"feminineway\",\"description\":\"\",\"potentialAction\":[{\"@type\":\"SearchAction\",\"target\":{\"@type\":\"EntryPoint\",\"urlTemplate\":\"https:\/\/feminineway.de\/?s={search_term_string}\"},\"query-input\":{\"@type\":\"PropertyValueSpecification\",\"valueRequired\":true,\"valueName\":\"search_term_string\"}}],\"inLanguage\":\"en-GB\"}]}<\/script>\n<!-- \/ Yoast SEO plugin. -->","yoast_head_json":{"title":"Zyklusweisheiten Anmeldung - feminineway","robots":{"index":"noindex","follow":"follow"},"og_locale":"en_GB","og_type":"article","og_title":"Zyklusweisheiten Anmeldung - feminineway","og_description":"GESCHENK F\u00dcR DICH! Hole dir jetzt den Zugang zum GRATIS ZYKLUSWEISHEIT-Webinar ab! Trage dich in meinem zyklischen Loveletter ein und erfahre, wie dein weiblicher Zyklus und die ewigen Rhythmen alles Lebens dir eine Kraftquelle sein k\u00f6nnen. Du tr\u00e4gst die Zyklusweisheit schon in dir, ich werde dir einen ganz leichten Weg zeigen, wie du wieder mit [&hellip;]","og_url":"https:\/\/feminineway.de\/en\/zyklusweisheiten-anmeldung\/","og_site_name":"feminineway","article_modified_time":"2023-12-13T16:29:14+00:00","og_image":[{"url":"https:\/\/feminineway.de\/wp-content\/uploads\/2023\/01\/17-1.png","type":"","width":"","height":""}],"twitter_card":"summary_large_image","twitter_misc":{"Estimated reading time":"1 minute"},"schema":{"@context":"https:\/\/schema.org","@graph":[{"@type":"WebPage","@id":"https:\/\/feminineway.de\/zyklusweisheiten-anmeldung\/","url":"https:\/\/feminineway.de\/zyklusweisheiten-anmeldung\/","name":"Zyklusweisheiten Anmeldung - feminineway","isPartOf":{"@id":"https:\/\/feminineway.de\/#website"},"primaryImageOfPage":{"@id":"https:\/\/feminineway.de\/zyklusweisheiten-anmeldung\/#primaryimage"},"image":{"@id":"https:\/\/feminineway.de\/zyklusweisheiten-anmeldung\/#primaryimage"},"thumbnailUrl":"https:\/\/feminineway.de\/wp-content\/uploads\/2023\/01\/17-1.png","datePublished":"2023-02-28T17:30:57+00:00","dateModified":"2023-12-13T16:29:14+00:00","breadcrumb":{"@id":"https:\/\/feminineway.de\/zyklusweisheiten-anmeldung\/#breadcrumb"},"inLanguage":"en-GB","potentialAction":[{"@type":"ReadAction","target":["https:\/\/feminineway.de\/zyklusweisheiten-anmeldung\/"]}]},{"@type":"ImageObject","inLanguage":"en-GB","@id":"https:\/\/feminineway.de\/zyklusweisheiten-anmeldung\/#primaryimage","url":"https:\/\/feminineway.de\/wp-content\/uploads\/2023\/01\/17-1.png","contentUrl":"https:\/\/feminineway.de\/wp-content\/uploads\/2023\/01\/17-1.png"},{"@type":"BreadcrumbList","@id":"https:\/\/feminineway.de\/zyklusweisheiten-anmeldung\/#breadcrumb","itemListElement":[{"@type":"ListItem","position":1,"name":"Startseite","item":"https:\/\/feminineway.de\/"},{"@type":"ListItem","position":2,"name":"Zyklusweisheiten Anmeldung"}]},{"@type":"WebSite","@id":"https:\/\/feminineway.de\/#website","url":"https:\/\/feminineway.de\/","name":"feminineway","description":"","potentialAction":[{"@type":"SearchAction","target":{"@type":"EntryPoint","urlTemplate":"https:\/\/feminineway.de\/?s={search_term_string}"},"query-input":{"@type":"PropertyValueSpecification","valueRequired":true,"valueName":"search_term_string"}}],"inLanguage":"en-GB"}]}},"_links":{"self":[{"href":"https:\/\/feminineway.de\/en\/wp-json\/wp\/v2\/pages\/1980","targetHints":{"allow":["GET"]}}],"collection":[{"href":"https:\/\/feminineway.de\/en\/wp-json\/wp\/v2\/pages"}],"about":[{"href":"https:\/\/feminineway.de\/en\/wp-json\/wp\/v2\/types\/page"}],"author":[{"embeddable":true,"href":"https:\/\/feminineway.de\/en\/wp-json\/wp\/v2\/users\/1"}],"replies":[{"embeddable":true,"href":"https:\/\/feminineway.de\/en\/wp-json\/wp\/v2\/comments?post=1980"}],"version-history":[{"count":10,"href":"https:\/\/feminineway.de\/en\/wp-json\/wp\/v2\/pages\/1980\/revisions"}],"predecessor-version":[{"id":2735,"href":"https:\/\/feminineway.de\/en\/wp-json\/wp\/v2\/pages\/1980\/revisions\/2735"}],"wp:attachment":[{"href":"https:\/\/feminineway.de\/en\/wp-json\/wp\/v2\/media?parent=1980"}],"curies":[{"name":"wp","href":"https:\/\/api.w.org\/{rel}","templated":true}]}}