{"id":589,"date":"2023-01-19T13:33:25","date_gmt":"2023-01-19T12:33:25","guid":{"rendered":"https:\/\/feminineway.de\/?page_id=589"},"modified":"2023-12-13T17:27:45","modified_gmt":"2023-12-13T16:27:45","slug":"newsletter","status":"publish","type":"page","link":"https:\/\/feminineway.de\/en\/newsletter\/","title":{"rendered":"Newsletter"},"content":{"rendered":"<div data-elementor-type=\"wp-page\" data-elementor-id=\"589\" class=\"elementor elementor-589\" data-elementor-post-type=\"page\">\n\t\t\t\t<div class=\"elementor-element elementor-element-a31a467 e-flex e-con-boxed e-con e-parent\" data-id=\"a31a467\" data-element_type=\"container\" data-settings=\"{&quot;background_background&quot;:&quot;classic&quot;}\">\n\t\t\t\t\t<div class=\"e-con-inner\">\n\t\t<div class=\"elementor-element elementor-element-53edaf9 e-con-full e-flex e-con e-child\" data-id=\"53edaf9\" data-element_type=\"container\">\n\t\t\t\t<div class=\"elementor-element elementor-element-168f782 elementor-widget elementor-widget-text-editor\" data-id=\"168f782\" data-element_type=\"widget\" data-widget_type=\"text-editor.default\">\n\t\t\t\t\t\t\t\t\t<p>Verpasse keine meiner kostenlosen Online Seminare, bleibe auf dem Laufenden und erfahre mehr dar\u00fcber, wie Zyklusbewusstsein dich in deinem Leben unterst\u00fctzen kann.<\/p>\t\t\t\t\t\t\t\t<\/div>\n\t\t\t\t<div class=\"elementor-element elementor-element-dbb5235 elementor-widget__width-inherit elementor-widget-tablet__width-inherit elementor-widget-mobile__width-inherit elementor-widget elementor-widget-heading\" data-id=\"dbb5235\" data-element_type=\"widget\" data-widget_type=\"heading.default\">\n\t\t\t\t\t<h2 class=\"elementor-heading-title elementor-size-medium\">Hol dir jetzt meinen zyklischen Loveletter.<\/h2>\t\t\t\t<\/div>\n\t\t\t\t<div class=\"elementor-element elementor-element-73869bf elementor-widget__width-inherit elementor-button-align-stretch elementor-widget elementor-widget-form\" data-id=\"73869bf\" data-element_type=\"widget\" data-settings=\"{&quot;step_next_label&quot;:&quot;N\\u00e4chster&quot;,&quot;step_previous_label&quot;:&quot;Voriger&quot;,&quot;button_width&quot;:&quot;100&quot;,&quot;step_type&quot;:&quot;number_text&quot;,&quot;step_icon_shape&quot;:&quot;circle&quot;}\" data-no-translation=\"\" data-widget_type=\"form.default\">\n\t\t\t\t<div class=\"elementor-widget-container\">\n\t\t\t\t\t<style>.elementor-element-73869bf{display:none !important}<\/style>\t\t\t\t<\/div>\n\t\t\t\t<\/div>\n\t\t\t\t<div class=\"elementor-element elementor-element-8942f1e elementor-widget__width-inherit elementor-button-align-stretch elementor-widget elementor-widget-form\" data-id=\"8942f1e\" data-element_type=\"widget\" data-settings=\"{&quot;step_next_label&quot;:&quot;N\\u00e4chster&quot;,&quot;step_previous_label&quot;:&quot;Voriger&quot;,&quot;button_width&quot;:&quot;100&quot;,&quot;step_type&quot;:&quot;number_text&quot;,&quot;step_icon_shape&quot;:&quot;circle&quot;}\" data-no-translation=\"\" data-widget_type=\"form.default\">\n\t\t\t\t<div class=\"elementor-widget-container\">\n\t\t\t\t\t\t\t<form class=\"elementor-form\" method=\"post\" name=\"Newsletteroptin ENG\" action=\"\">\n\t\t\t<input type=\"hidden\" name=\"post_id\" value=\"589\"\/>\n\t\t\t<input type=\"hidden\" name=\"form_id\" value=\"8942f1e\"\/>\n\t\t\t<input type=\"hidden\" name=\"referer_title\" value=\"feminineway\" \/>\n\n\t\t\t\n\t\t\t<div class=\"elementor-form-fields-wrapper elementor-labels-\">\n\t\t\t\t\t\t\t\t<div class=\"elementor-field-type-text\">\n\t\t\t\t\t<input size=\"1\" type=\"text\" name=\"form_fields[field_0510aef]\" id=\"form-field-field_0510aef\" class=\"elementor-field elementor-size-sm\" style=\"display:none !important;\">\t\t\t\t<\/div>\n\t\t\t\t\t\t\t\t<div class=\"elementor-field-type-text\">\n\t\t\t\t\t<input size=\"1\" type=\"text\" name=\"form_fields[field_082c3b3]\" id=\"form-field-field_082c3b3\" class=\"elementor-field elementor-size-sm\" style=\"display:none !important;\">\t\t\t\t<\/div>\n\t\t\t\t\t\t\t\t<div class=\"elementor-field-type-text\">\n\t\t\t\t\t<input size=\"1\" type=\"text\" name=\"form_fields[field_e865790]\" id=\"form-field-field_e865790\" class=\"elementor-field elementor-size-sm\" style=\"display:none !important;\">\t\t\t\t<\/div>\n\t\t\t\t\t\t\t\t<div class=\"elementor-field-type-text\">\n\t\t\t\t\t<input size=\"1\" type=\"text\" name=\"form_fields[field_617f070]\" id=\"form-field-field_617f070\" class=\"elementor-field elementor-size-sm\" style=\"display:none !important;\">\t\t\t\t<\/div>\n\t\t\t\t\t\t\t\t<div class=\"elementor-field-type-text elementor-field-group elementor-column elementor-field-group-name elementor-col-50\">\n\t\t\t\t\t\t\t\t\t\t\t\t<label for=\"form-field-name\" class=\"elementor-field-label elementor-screen-only\">\n\t\t\t\t\t\t\t\tFirst Name\t\t\t\t\t\t\t<\/label>\n\t\t\t\t\t\t\t\t\t\t\t\t\t\t<input size=\"1\" type=\"text\" name=\"form_fields[name]\" id=\"form-field-name\" class=\"elementor-field elementor-size-sm  elementor-field-textual\" placeholder=\"First Name\">\n\t\t\t\t\t\t\t\t\t\t\t<\/div>\n\t\t\t\t\t\t\t\t<div class=\"elementor-field-type-text\">\n\t\t\t\t\t<input size=\"1\" type=\"text\" name=\"form_fields[field_8b08155]\" id=\"form-field-field_8b08155\" class=\"elementor-field elementor-size-sm\" style=\"display:none !important;\">\t\t\t\t<\/div>\n\t\t\t\t\t\t\t\t<div class=\"elementor-field-type-text\">\n\t\t\t\t\t<input size=\"1\" type=\"text\" name=\"form_fields[field_ffbb4da]\" id=\"form-field-field_ffbb4da\" class=\"elementor-field elementor-size-sm\" style=\"display:none !important;\">\t\t\t\t<\/div>\n\t\t\t\t\t\t\t\t<div class=\"elementor-field-type-text\">\n\t\t\t\t\t<input size=\"1\" type=\"text\" name=\"form_fields[field_ff6fdae]\" id=\"form-field-field_ff6fdae\" class=\"elementor-field elementor-size-sm\" style=\"display:none !important;\">\t\t\t\t<\/div>\n\t\t\t\t\t\t\t\t<div class=\"elementor-field-type-text\">\n\t\t\t\t\t<input size=\"1\" type=\"text\" name=\"form_fields[field_fb31d40]\" id=\"form-field-field_fb31d40\" class=\"elementor-field elementor-size-sm\" style=\"display:none !important;\">\t\t\t\t<\/div>\n\t\t\t\t\t\t\t\t<div class=\"elementor-field-type-text\">\n\t\t\t\t\t<input size=\"1\" type=\"text\" name=\"form_fields[field_07cc9bf]\" id=\"form-field-field_07cc9bf\" class=\"elementor-field elementor-size-sm\" style=\"display:none !important;\">\t\t\t\t<\/div>\n\t\t\t\t\t\t\t\t<div class=\"elementor-field-type-email elementor-field-group elementor-column elementor-field-group-email elementor-col-50 elementor-field-required\">\n\t\t\t\t\t\t\t\t\t\t\t\t<label for=\"form-field-email\" class=\"elementor-field-label elementor-screen-only\">\n\t\t\t\t\t\t\t\tE-Mail\t\t\t\t\t\t\t<\/label>\n\t\t\t\t\t\t\t\t\t\t\t\t\t\t<input size=\"1\" type=\"email\" name=\"form_fields[email]\" id=\"form-field-email\" class=\"elementor-field elementor-size-sm  elementor-field-textual\" placeholder=\"E-Mail\" required=\"required\" aria-required=\"true\">\n\t\t\t\t\t\t\t\t\t\t\t<\/div>\n\t\t\t\t\t\t\t\t<div class=\"elementor-field-type-text\">\n\t\t\t\t\t<input size=\"1\" type=\"text\" name=\"form_fields[field_84c446f]\" id=\"form-field-field_84c446f\" class=\"elementor-field elementor-size-sm\" style=\"display:none !important;\">\t\t\t\t<\/div>\n\t\t\t\t\t\t\t\t<div class=\"elementor-field-type-text\">\n\t\t\t\t\t<input size=\"1\" type=\"text\" name=\"form_fields[field_619b2e2]\" id=\"form-field-field_619b2e2\" class=\"elementor-field elementor-size-sm\" style=\"display:none !important;\">\t\t\t\t<\/div>\n\t\t\t\t\t\t\t\t<div class=\"elementor-field-type-text\">\n\t\t\t\t\t<input size=\"1\" type=\"text\" name=\"form_fields[field_85d14b3]\" id=\"form-field-field_85d14b3\" class=\"elementor-field elementor-size-sm\" style=\"display:none !important;\">\t\t\t\t<\/div>\n\t\t\t\t\t\t\t\t<div class=\"elementor-field-type-text\">\n\t\t\t\t\t<input size=\"1\" type=\"text\" name=\"form_fields[field_fe77ae2]\" id=\"form-field-field_fe77ae2\" class=\"elementor-field elementor-size-sm\" style=\"display:none !important;\">\t\t\t\t<\/div>\n\t\t\t\t\t\t\t\t<div class=\"elementor-field-type-text\">\n\t\t\t\t\t<input size=\"1\" type=\"text\" name=\"form_fields[field_1ff4eea]\" id=\"form-field-field_1ff4eea\" class=\"elementor-field elementor-size-sm\" style=\"display:none !important;\">\t\t\t\t<\/div>\n\t\t\t\t\t\t\t\t<div class=\"elementor-field-group elementor-column elementor-field-type-submit elementor-col-100 e-form__buttons\">\n\t\t\t\t\t<button type=\"submit\" class=\"elementor-button elementor-size-sm\">\n\t\t\t\t\t\t<span >\n\t\t\t\t\t\t\t\t\t\t\t\t\t\t\t<span class=\"elementor-button-icon\">\n\t\t\t\t\t\t\t\t\t\t\t\t\t\t\t\t\t\t\t\t\t\t\t\t\t\t<\/span>\n\t\t\t\t\t\t\t\t\t\t\t\t\t\t\t\t\t\t\t\t\t\t<span class=\"elementor-button-text\">Send *<\/span>\n\t\t\t\t\t\t\t\t\t\t\t\t\t<\/span>\n\t\t\t\t\t<\/button>\n\t\t\t\t<\/div>\n\t\t\t<\/div>\n\t\t<input type=\"hidden\" name=\"trp-form-language\" value=\"en\"\/><\/form>\n\t\t\t\t\t\t<\/div>\n\t\t\t\t<\/div>\n\t\t\t\t<div class=\"elementor-element elementor-element-647c5e4 elementor-widget elementor-widget-text-editor\" data-id=\"647c5e4\" data-element_type=\"widget\" data-widget_type=\"text-editor.default\">\n\t\t\t\t\t\t\t\t\t<p>* Mit dem Absenden deiner Anmeldung erkl\u00e4rst du dich einverstanden, dass deine Daten an meinen Maildienstleister <a href=\"https:\/\/de.sendinblue.com\/\" target=\"_blank\" rel=\"noopener\">Sendinblue<\/a> zum Zwecke der Weiterverarbeitung \u00fcbergeben und gem\u00e4\u00df deren <a href=\"https:\/\/de.sendinblue.com\/legal\/privacypolicy\/\" target=\"_blank\" rel=\"noopener\">Datenschutzbedingungen<\/a> gespeichert werden. Deine Daten werden NICHT an Dritte weiter gegeben. Du kannst dich jederzeit aus dem Newsletter abmelden. <a href=\"https:\/\/feminineway.de\/en\/datenschutz\/\" target=\"_blank\" rel=\"noopener\">Mehr Informationen zu Sendinblue und wie mit deinen Daten verfahren wird, findest du in meiner Datenschutzerkl\u00e4rung<\/a>.<\/p>\t\t\t\t\t\t\t\t<\/div>\n\t\t\t\t<\/div>\n\t\t<div class=\"elementor-element elementor-element-f3787b0 e-flex e-con-boxed e-con e-child\" data-id=\"f3787b0\" data-element_type=\"container\">\n\t\t\t\t\t<div class=\"e-con-inner\">\n\t\t\t\t<div class=\"elementor-element elementor-element-8a125ab elementor-hidden-tablet elementor-hidden-mobile elementor-widget elementor-widget-image\" data-id=\"8a125ab\" data-element_type=\"widget\" data-widget_type=\"image.default\">\n\t\t\t\t\t\t\t\t\t\t\t\t\t\t\t<img fetchpriority=\"high\" decoding=\"async\" width=\"768\" height=\"1036\" src=\"https:\/\/feminineway.de\/wp-content\/uploads\/2023\/01\/17-1.png\" class=\"attachment-medium_large size-medium_large wp-image-371\" alt=\"\" srcset=\"https:\/\/feminineway.de\/wp-content\/uploads\/2023\/01\/17-1.png 1080w, https:\/\/feminineway.de\/wp-content\/uploads\/2023\/01\/17-1-600x809.png 600w\" sizes=\"(max-width: 768px) 100vw, 768px\" \/>\t\t\t\t\t\t\t\t\t\t\t\t\t\t\t<\/div>\n\t\t\t\t\t<\/div>\n\t\t\t\t<\/div>\n\t\t\t\t\t<\/div>\n\t\t\t\t<\/div>\n\t\t\t\t<\/div>","protected":false},"excerpt":{"rendered":"<p>Verpasse keine meiner kostenlosen Online Seminare, bleibe auf dem Laufenden und erfahre mehr dar\u00fcber, wie Zyklusbewusstsein dich in deinem Leben unterst\u00fctzen kann. Hol dir jetzt meinen zyklischen Loveletter. * Mit dem Absenden deiner Anmeldung erkl\u00e4rst du dich einverstanden, dass deine Daten an meinen Maildienstleister Sendinblue zum Zwecke der Weiterverarbeitung \u00fcbergeben und gem\u00e4\u00df deren Datenschutzbedingungen gespeichert [&hellip;]<\/p>","protected":false},"author":1,"featured_media":0,"parent":0,"menu_order":0,"comment_status":"closed","ping_status":"closed","template":"elementor_header_footer","meta":{"footnotes":""},"class_list":["post-589","page","type-page","status-publish","hentry"],"yoast_head":"<!-- This site is optimized with the Yoast SEO plugin v24.5 - https:\/\/yoast.com\/wordpress\/plugins\/seo\/ -->\n<title>Newsletter - feminineway<\/title>\n<meta name=\"robots\" content=\"index, follow, max-snippet:-1, max-image-preview:large, max-video-preview:-1\" \/>\n<link rel=\"canonical\" href=\"https:\/\/feminineway.de\/en\/newsletter\/\" \/>\n<meta property=\"og:locale\" content=\"en_GB\" \/>\n<meta property=\"og:type\" content=\"article\" \/>\n<meta property=\"og:title\" content=\"Newsletter - feminineway\" \/>\n<meta property=\"og:description\" content=\"Verpasse keine meiner kostenlosen Online Seminare, bleibe auf dem Laufenden und erfahre mehr dar\u00fcber, wie Zyklusbewusstsein dich in deinem Leben unterst\u00fctzen kann. Hol dir jetzt meinen zyklischen Loveletter. * Mit dem Absenden deiner Anmeldung erkl\u00e4rst du dich einverstanden, dass deine Daten an meinen Maildienstleister Sendinblue zum Zwecke der Weiterverarbeitung \u00fcbergeben und gem\u00e4\u00df deren Datenschutzbedingungen gespeichert [&hellip;]\" \/>\n<meta property=\"og:url\" content=\"https:\/\/feminineway.de\/en\/newsletter\/\" \/>\n<meta property=\"og:site_name\" content=\"feminineway\" \/>\n<meta property=\"article:modified_time\" content=\"2023-12-13T16:27:45+00:00\" \/>\n<meta property=\"og:image\" content=\"https:\/\/feminineway.de\/wp-content\/uploads\/2023\/01\/17-1.png\" \/>\n<meta name=\"twitter:card\" content=\"summary_large_image\" \/>\n<meta name=\"twitter:label1\" content=\"Estimated reading time\" \/>\n\t<meta name=\"twitter:data1\" content=\"1 minute\" \/>\n<script type=\"application\/ld+json\" class=\"yoast-schema-graph\">{\"@context\":\"https:\/\/schema.org\",\"@graph\":[{\"@type\":\"WebPage\",\"@id\":\"https:\/\/feminineway.de\/newsletter\/\",\"url\":\"https:\/\/feminineway.de\/newsletter\/\",\"name\":\"Newsletter - feminineway\",\"isPartOf\":{\"@id\":\"https:\/\/feminineway.de\/#website\"},\"primaryImageOfPage\":{\"@id\":\"https:\/\/feminineway.de\/newsletter\/#primaryimage\"},\"image\":{\"@id\":\"https:\/\/feminineway.de\/newsletter\/#primaryimage\"},\"thumbnailUrl\":\"https:\/\/feminineway.de\/wp-content\/uploads\/2023\/01\/17-1.png\",\"datePublished\":\"2023-01-19T12:33:25+00:00\",\"dateModified\":\"2023-12-13T16:27:45+00:00\",\"breadcrumb\":{\"@id\":\"https:\/\/feminineway.de\/newsletter\/#breadcrumb\"},\"inLanguage\":\"en-GB\",\"potentialAction\":[{\"@type\":\"ReadAction\",\"target\":[\"https:\/\/feminineway.de\/newsletter\/\"]}]},{\"@type\":\"ImageObject\",\"inLanguage\":\"en-GB\",\"@id\":\"https:\/\/feminineway.de\/newsletter\/#primaryimage\",\"url\":\"https:\/\/feminineway.de\/wp-content\/uploads\/2023\/01\/17-1.png\",\"contentUrl\":\"https:\/\/feminineway.de\/wp-content\/uploads\/2023\/01\/17-1.png\"},{\"@type\":\"BreadcrumbList\",\"@id\":\"https:\/\/feminineway.de\/newsletter\/#breadcrumb\",\"itemListElement\":[{\"@type\":\"ListItem\",\"position\":1,\"name\":\"Startseite\",\"item\":\"https:\/\/feminineway.de\/\"},{\"@type\":\"ListItem\",\"position\":2,\"name\":\"Newsletter\"}]},{\"@type\":\"WebSite\",\"@id\":\"https:\/\/feminineway.de\/#website\",\"url\":\"https:\/\/feminineway.de\/\",\"name\":\"feminineway\",\"description\":\"\",\"potentialAction\":[{\"@type\":\"SearchAction\",\"target\":{\"@type\":\"EntryPoint\",\"urlTemplate\":\"https:\/\/feminineway.de\/?s={search_term_string}\"},\"query-input\":{\"@type\":\"PropertyValueSpecification\",\"valueRequired\":true,\"valueName\":\"search_term_string\"}}],\"inLanguage\":\"en-GB\"}]}<\/script>\n<!-- \/ Yoast SEO plugin. -->","yoast_head_json":{"title":"Newsletter - feminineway","robots":{"index":"index","follow":"follow","max-snippet":"max-snippet:-1","max-image-preview":"max-image-preview:large","max-video-preview":"max-video-preview:-1"},"canonical":"https:\/\/feminineway.de\/en\/newsletter\/","og_locale":"en_GB","og_type":"article","og_title":"Newsletter - feminineway","og_description":"Verpasse keine meiner kostenlosen Online Seminare, bleibe auf dem Laufenden und erfahre mehr dar\u00fcber, wie Zyklusbewusstsein dich in deinem Leben unterst\u00fctzen kann. Hol dir jetzt meinen zyklischen Loveletter. * Mit dem Absenden deiner Anmeldung erkl\u00e4rst du dich einverstanden, dass deine Daten an meinen Maildienstleister Sendinblue zum Zwecke der Weiterverarbeitung \u00fcbergeben und gem\u00e4\u00df deren Datenschutzbedingungen gespeichert [&hellip;]","og_url":"https:\/\/feminineway.de\/en\/newsletter\/","og_site_name":"feminineway","article_modified_time":"2023-12-13T16:27:45+00:00","og_image":[{"url":"https:\/\/feminineway.de\/wp-content\/uploads\/2023\/01\/17-1.png","type":"","width":"","height":""}],"twitter_card":"summary_large_image","twitter_misc":{"Estimated reading time":"1 minute"},"schema":{"@context":"https:\/\/schema.org","@graph":[{"@type":"WebPage","@id":"https:\/\/feminineway.de\/newsletter\/","url":"https:\/\/feminineway.de\/newsletter\/","name":"Newsletter - feminineway","isPartOf":{"@id":"https:\/\/feminineway.de\/#website"},"primaryImageOfPage":{"@id":"https:\/\/feminineway.de\/newsletter\/#primaryimage"},"image":{"@id":"https:\/\/feminineway.de\/newsletter\/#primaryimage"},"thumbnailUrl":"https:\/\/feminineway.de\/wp-content\/uploads\/2023\/01\/17-1.png","datePublished":"2023-01-19T12:33:25+00:00","dateModified":"2023-12-13T16:27:45+00:00","breadcrumb":{"@id":"https:\/\/feminineway.de\/newsletter\/#breadcrumb"},"inLanguage":"en-GB","potentialAction":[{"@type":"ReadAction","target":["https:\/\/feminineway.de\/newsletter\/"]}]},{"@type":"ImageObject","inLanguage":"en-GB","@id":"https:\/\/feminineway.de\/newsletter\/#primaryimage","url":"https:\/\/feminineway.de\/wp-content\/uploads\/2023\/01\/17-1.png","contentUrl":"https:\/\/feminineway.de\/wp-content\/uploads\/2023\/01\/17-1.png"},{"@type":"BreadcrumbList","@id":"https:\/\/feminineway.de\/newsletter\/#breadcrumb","itemListElement":[{"@type":"ListItem","position":1,"name":"Startseite","item":"https:\/\/feminineway.de\/"},{"@type":"ListItem","position":2,"name":"Newsletter"}]},{"@type":"WebSite","@id":"https:\/\/feminineway.de\/#website","url":"https:\/\/feminineway.de\/","name":"feminineway","description":"","potentialAction":[{"@type":"SearchAction","target":{"@type":"EntryPoint","urlTemplate":"https:\/\/feminineway.de\/?s={search_term_string}"},"query-input":{"@type":"PropertyValueSpecification","valueRequired":true,"valueName":"search_term_string"}}],"inLanguage":"en-GB"}]}},"_links":{"self":[{"href":"https:\/\/feminineway.de\/en\/wp-json\/wp\/v2\/pages\/589","targetHints":{"allow":["GET"]}}],"collection":[{"href":"https:\/\/feminineway.de\/en\/wp-json\/wp\/v2\/pages"}],"about":[{"href":"https:\/\/feminineway.de\/en\/wp-json\/wp\/v2\/types\/page"}],"author":[{"embeddable":true,"href":"https:\/\/feminineway.de\/en\/wp-json\/wp\/v2\/users\/1"}],"replies":[{"embeddable":true,"href":"https:\/\/feminineway.de\/en\/wp-json\/wp\/v2\/comments?post=589"}],"version-history":[{"count":10,"href":"https:\/\/feminineway.de\/en\/wp-json\/wp\/v2\/pages\/589\/revisions"}],"predecessor-version":[{"id":2732,"href":"https:\/\/feminineway.de\/en\/wp-json\/wp\/v2\/pages\/589\/revisions\/2732"}],"wp:attachment":[{"href":"https:\/\/feminineway.de\/en\/wp-json\/wp\/v2\/media?parent=589"}],"curies":[{"name":"wp","href":"https:\/\/api.w.org\/{rel}","templated":true}]}}