{"id":1470,"date":"2023-02-15T03:27:51","date_gmt":"2023-02-15T02:27:51","guid":{"rendered":"https:\/\/feminineway.de\/?post_type=product&#038;p=1470"},"modified":"2023-02-15T03:45:09","modified_gmt":"2023-02-15T02:45:09","slug":"1-zu-1-begleitung-transformations-coaching","status":"publish","type":"product","link":"https:\/\/feminineway.de\/en\/product\/1-zu-1-begleitung-transformations-coaching\/","title":{"rendered":"1 zu 1 Begleitung &#8211; Transformations-Coaching"},"content":{"rendered":"<p>Im 1:1 Setting begleite ich dich und unterst\u00fctze dich darin, in den Flow mit deiner femininen Energie zu kommen und die Superkr\u00e4fte der jeweiligen Zyklusphasen zu erkennen und f\u00fcr dich zu nutzen. Dein wunderbarer weiblicher K\u00f6rper ist der Kompass unserer gemeinsamen Zyklusreise. Denn Zyklusweisheit kommt nicht vom Kopf. Ich bringe dich raus aus dem Kopf, rein ins F\u00fchlen und Erkennen!<\/p>","protected":false},"excerpt":{"rendered":"<p>Im 1:1 Setting begleite ich dich und unterst\u00fctze dich darin, in den Flow mit deiner femininen Energie zu kommen und die Superkr\u00e4fte der jeweiligen Zyklusphasen zu erkennen und f\u00fcr dich zu nutzen.<\/p>","protected":false},"featured_media":748,"comment_status":"open","ping_status":"closed","template":"","meta":[],"product_cat":[52],"product_tag":[],"class_list":{"0":"post-1470","1":"product","2":"type-product","3":"status-publish","4":"has-post-thumbnail","6":"product_cat-coachings","8":"first","9":"instock","10":"virtual","11":"purchasable","12":"product-type-simple"},"yoast_head":"<!-- This site is optimized with the Yoast SEO plugin v24.5 - https:\/\/yoast.com\/wordpress\/plugins\/seo\/ -->\n<title>1 zu 1 Begleitung - Transformations-Coaching - feminineway<\/title>\n<meta name=\"robots\" content=\"index, follow, max-snippet:-1, max-image-preview:large, max-video-preview:-1\" \/>\n<link rel=\"canonical\" href=\"https:\/\/feminineway.de\/en\/product\/1-zu-1-begleitung-transformations-coaching\/\" \/>\n<meta property=\"og:locale\" content=\"en_GB\" \/>\n<meta property=\"og:type\" content=\"article\" \/>\n<meta property=\"og:title\" content=\"1 zu 1 Begleitung - Transformations-Coaching - feminineway\" \/>\n<meta property=\"og:description\" content=\"Im 1:1 Setting begleite ich dich und unterst\u00fctze dich darin, in den Flow mit deiner femininen Energie zu kommen und die Superkr\u00e4fte der jeweiligen Zyklusphasen zu erkennen und f\u00fcr dich zu nutzen.\" \/>\n<meta property=\"og:url\" content=\"https:\/\/feminineway.de\/en\/product\/1-zu-1-begleitung-transformations-coaching\/\" \/>\n<meta property=\"og:site_name\" content=\"feminineway\" \/>\n<meta property=\"article:modified_time\" content=\"2023-02-15T02:45:09+00:00\" \/>\n<meta property=\"og:image\" content=\"https:\/\/feminineway.de\/wp-content\/uploads\/2023\/01\/BFD9182_web.jpg\" \/>\n\t<meta property=\"og:image:width\" content=\"1000\" \/>\n\t<meta property=\"og:image:height\" content=\"667\" \/>\n\t<meta property=\"og:image:type\" content=\"image\/jpeg\" \/>\n<meta name=\"twitter:card\" content=\"summary_large_image\" \/>\n<meta name=\"twitter:label1\" content=\"Estimated reading time\" \/>\n\t<meta name=\"twitter:data1\" content=\"1 minute\" \/>\n<script type=\"application\/ld+json\" class=\"yoast-schema-graph\">{\"@context\":\"https:\/\/schema.org\",\"@graph\":[{\"@type\":\"WebPage\",\"@id\":\"https:\/\/feminineway.de\/produkt\/1-zu-1-begleitung-transformations-coaching\/\",\"url\":\"https:\/\/feminineway.de\/produkt\/1-zu-1-begleitung-transformations-coaching\/\",\"name\":\"1 zu 1 Begleitung - Transformations-Coaching - feminineway\",\"isPartOf\":{\"@id\":\"https:\/\/feminineway.de\/#website\"},\"primaryImageOfPage\":{\"@id\":\"https:\/\/feminineway.de\/produkt\/1-zu-1-begleitung-transformations-coaching\/#primaryimage\"},\"image\":{\"@id\":\"https:\/\/feminineway.de\/produkt\/1-zu-1-begleitung-transformations-coaching\/#primaryimage\"},\"thumbnailUrl\":\"https:\/\/feminineway.de\/wp-content\/uploads\/2023\/01\/BFD9182_web.jpg\",\"datePublished\":\"2023-02-15T02:27:51+00:00\",\"dateModified\":\"2023-02-15T02:45:09+00:00\",\"breadcrumb\":{\"@id\":\"https:\/\/feminineway.de\/produkt\/1-zu-1-begleitung-transformations-coaching\/#breadcrumb\"},\"inLanguage\":\"en-GB\",\"potentialAction\":[{\"@type\":\"ReadAction\",\"target\":[\"https:\/\/feminineway.de\/produkt\/1-zu-1-begleitung-transformations-coaching\/\"]}]},{\"@type\":\"ImageObject\",\"inLanguage\":\"en-GB\",\"@id\":\"https:\/\/feminineway.de\/produkt\/1-zu-1-begleitung-transformations-coaching\/#primaryimage\",\"url\":\"https:\/\/feminineway.de\/wp-content\/uploads\/2023\/01\/BFD9182_web.jpg\",\"contentUrl\":\"https:\/\/feminineway.de\/wp-content\/uploads\/2023\/01\/BFD9182_web.jpg\",\"width\":1000,\"height\":667},{\"@type\":\"BreadcrumbList\",\"@id\":\"https:\/\/feminineway.de\/produkt\/1-zu-1-begleitung-transformations-coaching\/#breadcrumb\",\"itemListElement\":[{\"@type\":\"ListItem\",\"position\":1,\"name\":\"Startseite\",\"item\":\"https:\/\/feminineway.de\/\"},{\"@type\":\"ListItem\",\"position\":2,\"name\":\"Shop\",\"item\":\"https:\/\/feminineway.de\/shop\/\"},{\"@type\":\"ListItem\",\"position\":3,\"name\":\"Coachings\",\"item\":\"https:\/\/feminineway.de\/produkt-kategorie\/coachings\/\"},{\"@type\":\"ListItem\",\"position\":4,\"name\":\"1 zu 1 Begleitung &#8211; Transformations-Coaching\"}]},{\"@type\":\"WebSite\",\"@id\":\"https:\/\/feminineway.de\/#website\",\"url\":\"https:\/\/feminineway.de\/\",\"name\":\"feminineway\",\"description\":\"\",\"potentialAction\":[{\"@type\":\"SearchAction\",\"target\":{\"@type\":\"EntryPoint\",\"urlTemplate\":\"https:\/\/feminineway.de\/?s={search_term_string}\"},\"query-input\":{\"@type\":\"PropertyValueSpecification\",\"valueRequired\":true,\"valueName\":\"search_term_string\"}}],\"inLanguage\":\"en-GB\"}]}<\/script>\n<!-- \/ Yoast SEO plugin. -->","yoast_head_json":{"title":"1 zu 1 Begleitung - Transformations-Coaching - feminineway","robots":{"index":"index","follow":"follow","max-snippet":"max-snippet:-1","max-image-preview":"max-image-preview:large","max-video-preview":"max-video-preview:-1"},"canonical":"https:\/\/feminineway.de\/en\/product\/1-zu-1-begleitung-transformations-coaching\/","og_locale":"en_GB","og_type":"article","og_title":"1 zu 1 Begleitung - Transformations-Coaching - feminineway","og_description":"Im 1:1 Setting begleite ich dich und unterst\u00fctze dich darin, in den Flow mit deiner femininen Energie zu kommen und die Superkr\u00e4fte der jeweiligen Zyklusphasen zu erkennen und f\u00fcr dich zu nutzen.","og_url":"https:\/\/feminineway.de\/en\/product\/1-zu-1-begleitung-transformations-coaching\/","og_site_name":"feminineway","article_modified_time":"2023-02-15T02:45:09+00:00","og_image":[{"width":1000,"height":667,"url":"https:\/\/feminineway.de\/wp-content\/uploads\/2023\/01\/BFD9182_web.jpg","type":"image\/jpeg"}],"twitter_card":"summary_large_image","twitter_misc":{"Estimated reading time":"1 minute"},"schema":{"@context":"https:\/\/schema.org","@graph":[{"@type":"WebPage","@id":"https:\/\/feminineway.de\/produkt\/1-zu-1-begleitung-transformations-coaching\/","url":"https:\/\/feminineway.de\/produkt\/1-zu-1-begleitung-transformations-coaching\/","name":"1 zu 1 Begleitung - Transformations-Coaching - feminineway","isPartOf":{"@id":"https:\/\/feminineway.de\/#website"},"primaryImageOfPage":{"@id":"https:\/\/feminineway.de\/produkt\/1-zu-1-begleitung-transformations-coaching\/#primaryimage"},"image":{"@id":"https:\/\/feminineway.de\/produkt\/1-zu-1-begleitung-transformations-coaching\/#primaryimage"},"thumbnailUrl":"https:\/\/feminineway.de\/wp-content\/uploads\/2023\/01\/BFD9182_web.jpg","datePublished":"2023-02-15T02:27:51+00:00","dateModified":"2023-02-15T02:45:09+00:00","breadcrumb":{"@id":"https:\/\/feminineway.de\/produkt\/1-zu-1-begleitung-transformations-coaching\/#breadcrumb"},"inLanguage":"en-GB","potentialAction":[{"@type":"ReadAction","target":["https:\/\/feminineway.de\/produkt\/1-zu-1-begleitung-transformations-coaching\/"]}]},{"@type":"ImageObject","inLanguage":"en-GB","@id":"https:\/\/feminineway.de\/produkt\/1-zu-1-begleitung-transformations-coaching\/#primaryimage","url":"https:\/\/feminineway.de\/wp-content\/uploads\/2023\/01\/BFD9182_web.jpg","contentUrl":"https:\/\/feminineway.de\/wp-content\/uploads\/2023\/01\/BFD9182_web.jpg","width":1000,"height":667},{"@type":"BreadcrumbList","@id":"https:\/\/feminineway.de\/produkt\/1-zu-1-begleitung-transformations-coaching\/#breadcrumb","itemListElement":[{"@type":"ListItem","position":1,"name":"Startseite","item":"https:\/\/feminineway.de\/"},{"@type":"ListItem","position":2,"name":"Shop","item":"https:\/\/feminineway.de\/shop\/"},{"@type":"ListItem","position":3,"name":"Coachings","item":"https:\/\/feminineway.de\/produkt-kategorie\/coachings\/"},{"@type":"ListItem","position":4,"name":"1 zu 1 Begleitung &#8211; Transformations-Coaching"}]},{"@type":"WebSite","@id":"https:\/\/feminineway.de\/#website","url":"https:\/\/feminineway.de\/","name":"feminineway","description":"","potentialAction":[{"@type":"SearchAction","target":{"@type":"EntryPoint","urlTemplate":"https:\/\/feminineway.de\/?s={search_term_string}"},"query-input":{"@type":"PropertyValueSpecification","valueRequired":true,"valueName":"search_term_string"}}],"inLanguage":"en-GB"}]}},"_links":{"self":[{"href":"https:\/\/feminineway.de\/en\/wp-json\/wp\/v2\/product\/1470","targetHints":{"allow":["GET"]}}],"collection":[{"href":"https:\/\/feminineway.de\/en\/wp-json\/wp\/v2\/product"}],"about":[{"href":"https:\/\/feminineway.de\/en\/wp-json\/wp\/v2\/types\/product"}],"replies":[{"embeddable":true,"href":"https:\/\/feminineway.de\/en\/wp-json\/wp\/v2\/comments?post=1470"}],"wp:featuredmedia":[{"embeddable":true,"href":"https:\/\/feminineway.de\/en\/wp-json\/wp\/v2\/media\/748"}],"wp:attachment":[{"href":"https:\/\/feminineway.de\/en\/wp-json\/wp\/v2\/media?parent=1470"}],"wp:term":[{"taxonomy":"product_cat","embeddable":true,"href":"https:\/\/feminineway.de\/en\/wp-json\/wp\/v2\/product_cat?post=1470"},{"taxonomy":"product_tag","embeddable":true,"href":"https:\/\/feminineway.de\/en\/wp-json\/wp\/v2\/product_tag?post=1470"}],"curies":[{"name":"wp","href":"https:\/\/api.w.org\/{rel}","templated":true}]}}